{"id":192,"date":"2022-02-21T11:35:03","date_gmt":"2022-02-21T14:35:03","guid":{"rendered":"https:\/\/desarrollo.suronline.net\/forres\/garantia-de-calidad\/"},"modified":"2022-10-10T11:44:05","modified_gmt":"2022-10-10T14:44:05","slug":"quality","status":"publish","type":"page","link":"https:\/\/www.frigorificoforres.com.ar\/zh-hans\/quality\/","title":{"rendered":"\u54c1\u8d28"},"content":{"rendered":"<p>[vc_row][vc_column width=&#8221;2\/3&#8243;][vc_column_text]In our establishment, we are committed to meeting the needs of our customers by ensuring the quality and safety of our products as a premise. To do this, we have implemented a management system which was designed under a certification scheme by the GFSI. Obtaining the certification of the global food safety standard BRC shows the level of competence with regard to hygiene, food safety and quality systems of our meat processing plant, in addition to a plan of continuous training for our personnel aimed at achieving greater efficiency of human capital.<\/p>\n<p>In addition, we have a HACCP plan that has been stabilized over time and allows us to obtain healthy and safe food free of allergenic substances. This plan, in turn, is based on a pathogen reduction program that allows us to maintain a microbiological profile of the processes under control.[\/vc_column_text][\/vc_column][vc_column width=&#8221;1\/3&#8243;][vc_separator color=&#8221;custom&#8221; border_width=&#8221;3&#8243; css_animation=&#8221;fadeInRightBig&#8221; accent_color=&#8221;#022043&#8243;][vc_custom_heading text=&#8221;\u98df\u54c1\u5b89\u5168&#8221; font_container=&#8221;tag:h2|text_align:center&#8221; use_theme_fonts=&#8221;yes&#8221;][vc_column_text]<div id=\"metaslider-id-406\" style=\"width: 100%; margin: 0 auto;\" class=\"ml-slider-3-102-0 metaslider metaslider-flex metaslider-406 ml-slider ms-theme-default nav-hidden\" role=\"region\" aria-label=\"Calidad\" data-height=\"280\" data-width=\"300\">\n    <div id=\"metaslider_container_406\">\n        <div id=\"metaslider_406\">\n            <ul class='slides'>\n                <li style=\"display: block; width: 100%;\" class=\"slide-407 ms-image \" aria-roledescription=\"slide\" data-date=\"2022-09-12 16:45:40\" data-slide-type=\"image\"><img loading=\"lazy\" decoding=\"async\" width=\"300\" height=\"220\" src=\"https:\/\/www.frigorificoforres.com.ar\/wp-content\/uploads\/2022\/09\/calidad-1.jpg\" class=\"slider-406 slide-407 msDefaultImage\" alt=\"\" rel=\"\" title=\"calidad-1\" \/><\/li>\n            <\/ul>\n        <\/div>\n        \n    <\/div>\n<\/div>[\/vc_column_text][\/vc_column][\/vc_row][vc_row][vc_column width=&#8221;1\/4&#8243;][vc_separator color=&#8221;custom&#8221; border_width=&#8221;3&#8243; css_animation=&#8221;fadeInLeftBig&#8221; accent_color=&#8221;#022043&#8243;][vc_custom_heading text=&#8221;\u52a8\u7269\u798f\u5229&#8221; font_container=&#8221;tag:h2|text_align:center&#8221; use_theme_fonts=&#8221;yes&#8221;][vc_column_text]<div id=\"metaslider-id-415\" style=\"width: 100%; margin: 0 auto;\" class=\"ml-slider-3-102-0 metaslider metaslider-flex metaslider-415 ml-slider ms-theme-default nav-hidden nav-hidden\" role=\"region\" aria-label=\"Calidad2\" data-height=\"280\" data-width=\"300\">\n    <div id=\"metaslider_container_415\">\n        <div id=\"metaslider_415\">\n            <ul class='slides'>\n                <li style=\"display: block; width: 100%;\" class=\"slide-416 ms-image \" aria-roledescription=\"slide\" data-date=\"2022-09-12 17:01:28\" data-slide-type=\"image\"><img loading=\"lazy\" decoding=\"async\" width=\"300\" height=\"220\" src=\"https:\/\/www.frigorificoforres.com.ar\/wp-content\/uploads\/2022\/09\/calidad-2.jpg\" class=\"slider-415 slide-416 msDefaultImage\" alt=\"\" rel=\"\" title=\"calidad-2\" \/><\/li>\n            <\/ul>\n        <\/div>\n        \n    <\/div>\n<\/div>[\/vc_column_text][\/vc_column][vc_column width=&#8221;3\/4&#8243;][vc_column_text]The selection and care of our raw materials is a key process to achieve compliance with the commercial standards of the destinations to which we export; because of this, we have a solid program for evaluating and monitoring suppliers according to parameters established by our quality department. In addition, rigorous control over the humanitarian management of the farm is implemented under the guidelines of a certified animal welfare program.[\/vc_column_text][\/vc_column][\/vc_row][vc_row][vc_column width=&#8221;2\/3&#8243;][vc_column_text]Frigor\u00edfico Forres-Beltr\u00e1n S.A. is a member of the Beltr\u00e1n Group.<\/p>\n<p>It is made up of companies with experience and strong operations in the meat sector, and with a total of 1,500\u00a0direct employees. This group slaughters more than 500,000\u00a0heads of cattle per year.[\/vc_column_text][\/vc_column][vc_column width=&#8221;1\/3&#8243;][vc_separator color=&#8221;custom&#8221; border_width=&#8221;3&#8243; css_animation=&#8221;fadeInRightBig&#8221; accent_color=&#8221;#022043&#8243;][vc_custom_heading text=&#8221;\u652f\u6301\u548c\u8ffd\u6eaf\u8bb0\u5f55&#8221; font_container=&#8221;tag:h2|text_align:center&#8221; use_theme_fonts=&#8221;yes&#8221;][\/vc_column][\/vc_row]<\/p>\n","protected":false},"excerpt":{"rendered":"<p>[vc_row][vc_column width=&#8221;2\/3&#8243;][vc_column_text]In our establishment, we are committed to meeting the needs of our customers by ensuring the quality and safety of our products as a premise. To do this, we have implemented a management system which was designed under a certification scheme by the GFSI. Obtaining the certification of the global food safety standard BRC [&hellip;]<\/p>\n","protected":false},"author":2,"featured_media":0,"parent":0,"menu_order":0,"comment_status":"closed","ping_status":"closed","template":"","meta":{"footnotes":""},"class_list":["post-192","page","type-page","status-publish","hentry"],"yoast_head":"<!-- This site is optimized with the Yoast SEO plugin v26.3 - https:\/\/yoast.com\/wordpress\/plugins\/seo\/ -->\n<title>\u54c1\u8d28 - Frigorifico Forres<\/title>\n<meta name=\"robots\" content=\"index, follow, max-snippet:-1, max-image-preview:large, max-video-preview:-1\" \/>\n<link rel=\"canonical\" href=\"https:\/\/www.frigorificoforres.com.ar\/zh-hans\/quality\/\" \/>\n<meta property=\"og:locale\" content=\"zh_CN\" \/>\n<meta property=\"og:type\" content=\"article\" \/>\n<meta property=\"og:title\" content=\"\u54c1\u8d28 - Frigorifico Forres\" \/>\n<meta property=\"og:description\" content=\"[vc_row][vc_column width=&#8221;2\/3&#8243;][vc_column_text]In our establishment, we are committed to meeting the needs of our customers by ensuring the quality and safety of our products as a premise. To do this, we have implemented a management system which was designed under a certification scheme by the GFSI. Obtaining the certification of the global food safety standard BRC [&hellip;]\" \/>\n<meta property=\"og:url\" content=\"https:\/\/www.frigorificoforres.com.ar\/zh-hans\/quality\/\" \/>\n<meta property=\"og:site_name\" content=\"Frigorifico Forres\" \/>\n<meta property=\"article:modified_time\" content=\"2022-10-10T14:44:05+00:00\" \/>\n<meta name=\"twitter:card\" content=\"summary_large_image\" \/>\n<meta name=\"twitter:label1\" content=\"Est. reading time\" \/>\n\t<meta name=\"twitter:data1\" content=\"2 minutes\" \/>\n<script type=\"application\/ld+json\" class=\"yoast-schema-graph\">{\"@context\":\"https:\/\/schema.org\",\"@graph\":[{\"@type\":\"WebPage\",\"@id\":\"https:\/\/www.frigorificoforres.com.ar\/zh-hans\/quality\/\",\"url\":\"https:\/\/www.frigorificoforres.com.ar\/zh-hans\/quality\/\",\"name\":\"\u54c1\u8d28 - Frigorifico Forres\",\"isPartOf\":{\"@id\":\"https:\/\/www.frigorificoforres.com.ar\/#website\"},\"datePublished\":\"2022-02-21T14:35:03+00:00\",\"dateModified\":\"2022-10-10T14:44:05+00:00\",\"breadcrumb\":{\"@id\":\"https:\/\/www.frigorificoforres.com.ar\/zh-hans\/quality\/#breadcrumb\"},\"inLanguage\":\"zh-CN\",\"potentialAction\":[{\"@type\":\"ReadAction\",\"target\":[\"https:\/\/www.frigorificoforres.com.ar\/zh-hans\/quality\/\"]}]},{\"@type\":\"BreadcrumbList\",\"@id\":\"https:\/\/www.frigorificoforres.com.ar\/zh-hans\/quality\/#breadcrumb\",\"itemListElement\":[{\"@type\":\"ListItem\",\"position\":1,\"name\":\"Inicio\",\"item\":\"https:\/\/www.frigorificoforres.com.ar\/zh-hans\/\"},{\"@type\":\"ListItem\",\"position\":2,\"name\":\"\u54c1\u8d28\"}]},{\"@type\":\"WebSite\",\"@id\":\"https:\/\/www.frigorificoforres.com.ar\/#website\",\"url\":\"https:\/\/www.frigorificoforres.com.ar\/\",\"name\":\"Frigorifico Forres\",\"description\":\"Otro sitio realizado con WordPress\",\"potentialAction\":[{\"@type\":\"SearchAction\",\"target\":{\"@type\":\"EntryPoint\",\"urlTemplate\":\"https:\/\/www.frigorificoforres.com.ar\/?s={search_term_string}\"},\"query-input\":{\"@type\":\"PropertyValueSpecification\",\"valueRequired\":true,\"valueName\":\"search_term_string\"}}],\"inLanguage\":\"zh-CN\"}]}<\/script>\n<!-- \/ Yoast SEO plugin. -->","yoast_head_json":{"title":"\u54c1\u8d28 - Frigorifico Forres","robots":{"index":"index","follow":"follow","max-snippet":"max-snippet:-1","max-image-preview":"max-image-preview:large","max-video-preview":"max-video-preview:-1"},"canonical":"https:\/\/www.frigorificoforres.com.ar\/zh-hans\/quality\/","og_locale":"zh_CN","og_type":"article","og_title":"\u54c1\u8d28 - Frigorifico Forres","og_description":"[vc_row][vc_column width=&#8221;2\/3&#8243;][vc_column_text]In our establishment, we are committed to meeting the needs of our customers by ensuring the quality and safety of our products as a premise. To do this, we have implemented a management system which was designed under a certification scheme by the GFSI. Obtaining the certification of the global food safety standard BRC [&hellip;]","og_url":"https:\/\/www.frigorificoforres.com.ar\/zh-hans\/quality\/","og_site_name":"Frigorifico Forres","article_modified_time":"2022-10-10T14:44:05+00:00","twitter_card":"summary_large_image","twitter_misc":{"Est. reading time":"2 minutes"},"schema":{"@context":"https:\/\/schema.org","@graph":[{"@type":"WebPage","@id":"https:\/\/www.frigorificoforres.com.ar\/zh-hans\/quality\/","url":"https:\/\/www.frigorificoforres.com.ar\/zh-hans\/quality\/","name":"\u54c1\u8d28 - Frigorifico Forres","isPartOf":{"@id":"https:\/\/www.frigorificoforres.com.ar\/#website"},"datePublished":"2022-02-21T14:35:03+00:00","dateModified":"2022-10-10T14:44:05+00:00","breadcrumb":{"@id":"https:\/\/www.frigorificoforres.com.ar\/zh-hans\/quality\/#breadcrumb"},"inLanguage":"zh-CN","potentialAction":[{"@type":"ReadAction","target":["https:\/\/www.frigorificoforres.com.ar\/zh-hans\/quality\/"]}]},{"@type":"BreadcrumbList","@id":"https:\/\/www.frigorificoforres.com.ar\/zh-hans\/quality\/#breadcrumb","itemListElement":[{"@type":"ListItem","position":1,"name":"Inicio","item":"https:\/\/www.frigorificoforres.com.ar\/zh-hans\/"},{"@type":"ListItem","position":2,"name":"\u54c1\u8d28"}]},{"@type":"WebSite","@id":"https:\/\/www.frigorificoforres.com.ar\/#website","url":"https:\/\/www.frigorificoforres.com.ar\/","name":"Frigorifico Forres","description":"Otro sitio realizado con WordPress","potentialAction":[{"@type":"SearchAction","target":{"@type":"EntryPoint","urlTemplate":"https:\/\/www.frigorificoforres.com.ar\/?s={search_term_string}"},"query-input":{"@type":"PropertyValueSpecification","valueRequired":true,"valueName":"search_term_string"}}],"inLanguage":"zh-CN"}]}},"_links":{"self":[{"href":"https:\/\/www.frigorificoforres.com.ar\/zh-hans\/wp-json\/wp\/v2\/pages\/192","targetHints":{"allow":["GET"]}}],"collection":[{"href":"https:\/\/www.frigorificoforres.com.ar\/zh-hans\/wp-json\/wp\/v2\/pages"}],"about":[{"href":"https:\/\/www.frigorificoforres.com.ar\/zh-hans\/wp-json\/wp\/v2\/types\/page"}],"author":[{"embeddable":true,"href":"https:\/\/www.frigorificoforres.com.ar\/zh-hans\/wp-json\/wp\/v2\/users\/2"}],"replies":[{"embeddable":true,"href":"https:\/\/www.frigorificoforres.com.ar\/zh-hans\/wp-json\/wp\/v2\/comments?post=192"}],"version-history":[{"count":5,"href":"https:\/\/www.frigorificoforres.com.ar\/zh-hans\/wp-json\/wp\/v2\/pages\/192\/revisions"}],"predecessor-version":[{"id":773,"href":"https:\/\/www.frigorificoforres.com.ar\/zh-hans\/wp-json\/wp\/v2\/pages\/192\/revisions\/773"}],"wp:attachment":[{"href":"https:\/\/www.frigorificoforres.com.ar\/zh-hans\/wp-json\/wp\/v2\/media?parent=192"}],"curies":[{"name":"wp","href":"https:\/\/api.w.org\/{rel}","templated":true}]}}