{"id":194,"date":"2022-02-21T09:52:12","date_gmt":"2022-02-21T12:52:12","guid":{"rendered":"https:\/\/desarrollo.suronline.net\/forres\/home\/"},"modified":"2022-10-10T11:39:58","modified_gmt":"2022-10-10T14:39:58","slug":"home","status":"publish","type":"page","link":"https:\/\/www.frigorificoforres.com.ar\/zh-hans\/","title":{"rendered":"\u4e3b\u9875"},"content":{"rendered":"\r\n<p>Esta es una p\u00e1gina de ejemplo, es diferente de una entrada porque se va a quedar en un solo lugar y va a aparecer en la navegaci\u00f3n de tu sitio (en la mayor\u00eda de los temas). Muchas gente empieza con una p\u00e1gina del tipo &#8220;Sobre M\u00ed&#8221;, que los introduce a los potenciales visitantes de su sitio. Pod\u00e9s decir algo como esto:<\/p>\r\n\r\n\r\n\r\n<blockquote class=\"wp-block-quote is-layout-flow wp-block-quote-is-layout-flow\">\r\n<p>\u00a1Hola! Soy mensajero en bicicleta de d\u00eda, actor aspirante de noche, y esta es mi p\u00e1gina web. Vivo en Los \u00c1ngeles, tengo un gran perro llamado Jack, y me gustan las pi\u00f1as coladas. (Y ser atrapado por la lluvia.)<\/p>\r\n<\/blockquote>\r\n\r\n\r\n\r\n<p>&#8230;o algo como esto:<\/p>\r\n\r\n\r\n\r\n<blockquote class=\"wp-block-quote is-layout-flow wp-block-quote-is-layout-flow\">\r\n<p>La compa\u00f1ia XYZ Trasto fue fundada en 1971, y provee trastos de calidad para el p\u00fablico desde entonces. Ubicado en Ciudad G\u00f3tica, XYZ le da empleo a m\u00e1s de 2000 personas y hace todo tipo de cosas asombrosas para la comunidad de G\u00f3tica.<\/p>\r\n<\/blockquote>\r\n\r\n\r\n\r\n<p>Como nuevo usuario de WordPress, deber\u00edas dirigirte a <a href=\"https:\/\/desarrollo.suronline.net\/forres\/wp-admin\/\">tu escritorio<\/a> para borrar esta p\u00e1gina y crear nuevas p\u00e1ginas para tu contenido. \u00a1Divertite!<\/p>\r\n","protected":false},"excerpt":{"rendered":"<p>Esta es una p\u00e1gina de ejemplo, es diferente de una entrada porque se va a quedar en un solo lugar y va a aparecer en la navegaci\u00f3n de tu sitio (en la mayor\u00eda de los temas). Muchas gente empieza con una p\u00e1gina del tipo &#8220;Sobre M\u00ed&#8221;, que los introduce a los potenciales visitantes de su [&hellip;]<\/p>\n","protected":false},"author":2,"featured_media":0,"parent":0,"menu_order":0,"comment_status":"closed","ping_status":"closed","template":"page-home.php","meta":{"footnotes":""},"class_list":["post-194","page","type-page","status-publish","hentry"],"yoast_head":"<!-- This site is optimized with the Yoast SEO plugin v26.3 - https:\/\/yoast.com\/wordpress\/plugins\/seo\/ -->\n<title>\u4e3b\u9875 - Frigorifico Forres<\/title>\n<meta name=\"robots\" content=\"index, follow, max-snippet:-1, max-image-preview:large, max-video-preview:-1\" \/>\n<link rel=\"canonical\" href=\"https:\/\/www.frigorificoforres.com.ar\/zh-hans\/\" \/>\n<meta property=\"og:locale\" content=\"zh_CN\" \/>\n<meta property=\"og:type\" content=\"article\" \/>\n<meta property=\"og:title\" content=\"\u4e3b\u9875 - Frigorifico Forres\" \/>\n<meta property=\"og:description\" content=\"Esta es una p\u00e1gina de ejemplo, es diferente de una entrada porque se va a quedar en un solo lugar y va a aparecer en la navegaci\u00f3n de tu sitio (en la mayor\u00eda de los temas). Muchas gente empieza con una p\u00e1gina del tipo &#8220;Sobre M\u00ed&#8221;, que los introduce a los potenciales visitantes de su [&hellip;]\" \/>\n<meta property=\"og:url\" content=\"https:\/\/www.frigorificoforres.com.ar\/zh-hans\/\" \/>\n<meta property=\"og:site_name\" content=\"Frigorifico Forres\" \/>\n<meta property=\"article:modified_time\" content=\"2022-10-10T14:39:58+00:00\" \/>\n<meta name=\"twitter:card\" content=\"summary_large_image\" \/>\n<meta name=\"twitter:label1\" content=\"Est. reading time\" \/>\n\t<meta name=\"twitter:data1\" content=\"1 minute\" \/>\n<script type=\"application\/ld+json\" class=\"yoast-schema-graph\">{\"@context\":\"https:\/\/schema.org\",\"@graph\":[{\"@type\":\"WebPage\",\"@id\":\"https:\/\/www.frigorificoforres.com.ar\/zh-hans\/\",\"url\":\"https:\/\/www.frigorificoforres.com.ar\/zh-hans\/\",\"name\":\"\u4e3b\u9875 - Frigorifico Forres\",\"isPartOf\":{\"@id\":\"https:\/\/www.frigorificoforres.com.ar\/#website\"},\"datePublished\":\"2022-02-21T12:52:12+00:00\",\"dateModified\":\"2022-10-10T14:39:58+00:00\",\"breadcrumb\":{\"@id\":\"https:\/\/www.frigorificoforres.com.ar\/zh-hans\/#breadcrumb\"},\"inLanguage\":\"zh-CN\",\"potentialAction\":[{\"@type\":\"ReadAction\",\"target\":[\"https:\/\/www.frigorificoforres.com.ar\/zh-hans\/\"]}]},{\"@type\":\"BreadcrumbList\",\"@id\":\"https:\/\/www.frigorificoforres.com.ar\/zh-hans\/#breadcrumb\",\"itemListElement\":[{\"@type\":\"ListItem\",\"position\":1,\"name\":\"Inicio\",\"item\":\"https:\/\/www.frigorificoforres.com.ar\/zh-hans\/\"},{\"@type\":\"ListItem\",\"position\":2,\"name\":\"\u4e3b\u9875\"}]},{\"@type\":\"WebSite\",\"@id\":\"https:\/\/www.frigorificoforres.com.ar\/#website\",\"url\":\"https:\/\/www.frigorificoforres.com.ar\/\",\"name\":\"Frigorifico Forres\",\"description\":\"Otro sitio realizado con WordPress\",\"potentialAction\":[{\"@type\":\"SearchAction\",\"target\":{\"@type\":\"EntryPoint\",\"urlTemplate\":\"https:\/\/www.frigorificoforres.com.ar\/?s={search_term_string}\"},\"query-input\":{\"@type\":\"PropertyValueSpecification\",\"valueRequired\":true,\"valueName\":\"search_term_string\"}}],\"inLanguage\":\"zh-CN\"}]}<\/script>\n<!-- \/ Yoast SEO plugin. -->","yoast_head_json":{"title":"\u4e3b\u9875 - Frigorifico Forres","robots":{"index":"index","follow":"follow","max-snippet":"max-snippet:-1","max-image-preview":"max-image-preview:large","max-video-preview":"max-video-preview:-1"},"canonical":"https:\/\/www.frigorificoforres.com.ar\/zh-hans\/","og_locale":"zh_CN","og_type":"article","og_title":"\u4e3b\u9875 - Frigorifico Forres","og_description":"Esta es una p\u00e1gina de ejemplo, es diferente de una entrada porque se va a quedar en un solo lugar y va a aparecer en la navegaci\u00f3n de tu sitio (en la mayor\u00eda de los temas). Muchas gente empieza con una p\u00e1gina del tipo &#8220;Sobre M\u00ed&#8221;, que los introduce a los potenciales visitantes de su [&hellip;]","og_url":"https:\/\/www.frigorificoforres.com.ar\/zh-hans\/","og_site_name":"Frigorifico Forres","article_modified_time":"2022-10-10T14:39:58+00:00","twitter_card":"summary_large_image","twitter_misc":{"Est. reading time":"1 minute"},"schema":{"@context":"https:\/\/schema.org","@graph":[{"@type":"WebPage","@id":"https:\/\/www.frigorificoforres.com.ar\/zh-hans\/","url":"https:\/\/www.frigorificoforres.com.ar\/zh-hans\/","name":"\u4e3b\u9875 - Frigorifico Forres","isPartOf":{"@id":"https:\/\/www.frigorificoforres.com.ar\/#website"},"datePublished":"2022-02-21T12:52:12+00:00","dateModified":"2022-10-10T14:39:58+00:00","breadcrumb":{"@id":"https:\/\/www.frigorificoforres.com.ar\/zh-hans\/#breadcrumb"},"inLanguage":"zh-CN","potentialAction":[{"@type":"ReadAction","target":["https:\/\/www.frigorificoforres.com.ar\/zh-hans\/"]}]},{"@type":"BreadcrumbList","@id":"https:\/\/www.frigorificoforres.com.ar\/zh-hans\/#breadcrumb","itemListElement":[{"@type":"ListItem","position":1,"name":"Inicio","item":"https:\/\/www.frigorificoforres.com.ar\/zh-hans\/"},{"@type":"ListItem","position":2,"name":"\u4e3b\u9875"}]},{"@type":"WebSite","@id":"https:\/\/www.frigorificoforres.com.ar\/#website","url":"https:\/\/www.frigorificoforres.com.ar\/","name":"Frigorifico Forres","description":"Otro sitio realizado con WordPress","potentialAction":[{"@type":"SearchAction","target":{"@type":"EntryPoint","urlTemplate":"https:\/\/www.frigorificoforres.com.ar\/?s={search_term_string}"},"query-input":{"@type":"PropertyValueSpecification","valueRequired":true,"valueName":"search_term_string"}}],"inLanguage":"zh-CN"}]}},"_links":{"self":[{"href":"https:\/\/www.frigorificoforres.com.ar\/zh-hans\/wp-json\/wp\/v2\/pages\/194","targetHints":{"allow":["GET"]}}],"collection":[{"href":"https:\/\/www.frigorificoforres.com.ar\/zh-hans\/wp-json\/wp\/v2\/pages"}],"about":[{"href":"https:\/\/www.frigorificoforres.com.ar\/zh-hans\/wp-json\/wp\/v2\/types\/page"}],"author":[{"embeddable":true,"href":"https:\/\/www.frigorificoforres.com.ar\/zh-hans\/wp-json\/wp\/v2\/users\/2"}],"replies":[{"embeddable":true,"href":"https:\/\/www.frigorificoforres.com.ar\/zh-hans\/wp-json\/wp\/v2\/comments?post=194"}],"version-history":[{"count":2,"href":"https:\/\/www.frigorificoforres.com.ar\/zh-hans\/wp-json\/wp\/v2\/pages\/194\/revisions"}],"predecessor-version":[{"id":533,"href":"https:\/\/www.frigorificoforres.com.ar\/zh-hans\/wp-json\/wp\/v2\/pages\/194\/revisions\/533"}],"wp:attachment":[{"href":"https:\/\/www.frigorificoforres.com.ar\/zh-hans\/wp-json\/wp\/v2\/media?parent=194"}],"curies":[{"name":"wp","href":"https:\/\/api.w.org\/{rel}","templated":true}]}}